{"id":2,"date":"2020-09-06T14:53:17","date_gmt":"2020-09-06T12:53:17","guid":{"rendered":"http:\/\/immobilier-ceyreste-la-ciotat.com\/?page_id=2"},"modified":"2023-02-03T12:02:18","modified_gmt":"2023-02-03T11:02:18","slug":"page-d-exemple","status":"publish","type":"page","link":"https:\/\/immobilier-ceyreste-la-ciotat.com\/","title":{"rendered":"Votre conseiller immobilier :"},"content":{"rendered":"\n<figure class=\"wp-block-image size-large is-resized\"><img loading=\"lazy\" src=\"http:\/\/immobilier-ceyreste-la-ciotat.com\/wp-content\/uploads\/2023\/02\/Couverture-Facebook-1024x390.jpg\" alt=\"\" class=\"wp-image-220\" width=\"857\" height=\"326\" srcset=\"https:\/\/immobilier-ceyreste-la-ciotat.com\/wp-content\/uploads\/2023\/02\/Couverture-Facebook-1024x390.jpg 1024w, https:\/\/immobilier-ceyreste-la-ciotat.com\/wp-content\/uploads\/2023\/02\/Couverture-Facebook-300x114.jpg 300w, https:\/\/immobilier-ceyreste-la-ciotat.com\/wp-content\/uploads\/2023\/02\/Couverture-Facebook-768x292.jpg 768w, https:\/\/immobilier-ceyreste-la-ciotat.com\/wp-content\/uploads\/2023\/02\/Couverture-Facebook-1536x584.jpg 1536w, https:\/\/immobilier-ceyreste-la-ciotat.com\/wp-content\/uploads\/2023\/02\/Couverture-Facebook-2048x779.jpg 2048w\" sizes=\"(max-width: 767px) 89vw, (max-width: 1000px) 54vw, (max-width: 1071px) 543px, 580px\" \/><\/figure>\n\n\n\n<p><\/p>\n\n\n\n<p>Notre exp\u00e9rience de plus de 15 ans est un atout qui vous permettra de r\u00e9aliser votre projet immobilier en toute s\u00e9r\u00e9nit\u00e9. Nous pourrons r\u00e9pondre \u00e0 toutes vos questions.<\/p>\n\n\n\n<p>Nous avons les solutions dans toutes les situations : achat, vente, location, gestion, division de parcelle, construction, succession&#8230;<\/p>\n\n\n\n<p>Nos connaissances du Plan Local d&#8217;Urbanisme intercommunal (PLUI) seront d&#8217;une grande aide \u00e0 la r\u00e9alisation de vos constructions.<\/p>\n\n\n\n<p>L&#8217;agence a su s&#8217;entourer au fil des ann\u00e9es des meilleurs partenaires de la r\u00e9gion pour r\u00e9pondre rapidement et efficacement \u00e0 vos besoins.<\/p>\n\n\n\n<p>N&#8217;h\u00e9sitez pas \u00e0 nous contacter !<\/p>\n\n\n\n<p><strong>Jo\u00ebl LORELLO<\/strong><\/p>\n\n\n\n<p><strong>MDA IMMO<\/strong><\/p>\n\n\n\n<p><strong>http:\/\/www.mda-immo.com<\/strong><\/p>\n\n\n\n<p>T\u00e9l: <strong>06 26 75 11 28<\/strong><\/p>\n\n\n\n<p>Mail: <strong>joel.lorello@gmail.com<\/strong><\/p>\n\n\n\n<p><\/p>\n\n\n\n<p><\/p>\n\n\n\n<figure class=\"wp-block-image size-large is-resized\"><img loading=\"lazy\" src=\"http:\/\/immobilier-ceyreste-la-ciotat.com\/wp-content\/uploads\/2023\/02\/QR-JOEL-1024x1024.png\" alt=\"\" class=\"wp-image-228\" width=\"261\" height=\"261\" srcset=\"https:\/\/immobilier-ceyreste-la-ciotat.com\/wp-content\/uploads\/2023\/02\/QR-JOEL-1024x1024.png 1024w, https:\/\/immobilier-ceyreste-la-ciotat.com\/wp-content\/uploads\/2023\/02\/QR-JOEL-300x300.png 300w, https:\/\/immobilier-ceyreste-la-ciotat.com\/wp-content\/uploads\/2023\/02\/QR-JOEL-150x150.png 150w, https:\/\/immobilier-ceyreste-la-ciotat.com\/wp-content\/uploads\/2023\/02\/QR-JOEL-768x768.png 768w, https:\/\/immobilier-ceyreste-la-ciotat.com\/wp-content\/uploads\/2023\/02\/QR-JOEL-100x100.png 100w, https:\/\/immobilier-ceyreste-la-ciotat.com\/wp-content\/uploads\/2023\/02\/QR-JOEL.png 1026w\" sizes=\"(max-width: 261px) 100vw, 261px\" \/><\/figure>\n","protected":false},"excerpt":{"rendered":"<p>Notre exp\u00e9rience de plus de 15 ans est un atout qui vous permettra de r\u00e9aliser votre projet immobilier en toute s\u00e9r\u00e9nit\u00e9. Nous pourrons r\u00e9pondre \u00e0 toutes vos questions. Nous avons les solutions dans toutes les situations : achat, vente, location, gestion, division de parcelle, construction, succession&#8230; Nos connaissances du Plan Local d&#8217;Urbanisme intercommunal (PLUI) seront &hellip; <\/p>\n<p class=\"link-more\"><a href=\"https:\/\/immobilier-ceyreste-la-ciotat.com\/\" class=\"more-link\">Continue reading<span class=\"screen-reader-text\"> &#8220;Votre conseiller immobilier :&#8221;<\/span><\/a><\/p>\n","protected":false},"author":1,"featured_media":0,"parent":0,"menu_order":0,"comment_status":"closed","ping_status":"open","template":"","meta":[],"_links":{"self":[{"href":"https:\/\/immobilier-ceyreste-la-ciotat.com\/index.php\/wp-json\/wp\/v2\/pages\/2"}],"collection":[{"href":"https:\/\/immobilier-ceyreste-la-ciotat.com\/index.php\/wp-json\/wp\/v2\/pages"}],"about":[{"href":"https:\/\/immobilier-ceyreste-la-ciotat.com\/index.php\/wp-json\/wp\/v2\/types\/page"}],"author":[{"embeddable":true,"href":"https:\/\/immobilier-ceyreste-la-ciotat.com\/index.php\/wp-json\/wp\/v2\/users\/1"}],"replies":[{"embeddable":true,"href":"https:\/\/immobilier-ceyreste-la-ciotat.com\/index.php\/wp-json\/wp\/v2\/comments?post=2"}],"version-history":[{"count":30,"href":"https:\/\/immobilier-ceyreste-la-ciotat.com\/index.php\/wp-json\/wp\/v2\/pages\/2\/revisions"}],"predecessor-version":[{"id":230,"href":"https:\/\/immobilier-ceyreste-la-ciotat.com\/index.php\/wp-json\/wp\/v2\/pages\/2\/revisions\/230"}],"wp:attachment":[{"href":"https:\/\/immobilier-ceyreste-la-ciotat.com\/index.php\/wp-json\/wp\/v2\/media?parent=2"}],"curies":[{"name":"wp","href":"https:\/\/api.w.org\/{rel}","templated":true}]}}